{"id":537,"date":"2019-12-04T16:23:17","date_gmt":"2019-12-04T16:23:17","guid":{"rendered":"https:\/\/www.grootzevert.nl\/privacyverklaring\/"},"modified":"2020-02-07T14:32:12","modified_gmt":"2020-02-07T14:32:12","slug":"datenschutz","status":"publish","type":"page","link":"https:\/\/www.grootzevert.nl\/de\/datenschutz\/","title":{"rendered":"Datenschutz"},"content":{"rendered":"<h1><strong>Datenschutzerkl\u00e4rung<\/strong><\/h1>\n<p>Groot Zevert Livestock, mit Sitz am Venneslatweg 26, 7151 HD Eibergen (NL), ist f\u00fcr die Verarbeitung personenbezogener Daten gem\u00e4\u00df dieser Datenschutzerkl\u00e4rung verantwortlich.<\/p>\n<h4><strong>Kontaktdaten<\/strong><\/h4>\n<p>Website: https:\/\/www.grootzevert.nl\/<br \/>\nAdresse: Venneslatweg 26, 7151 HD Eibergen (NL)<br \/>\nTelefon: +31 545 476 726<br \/>\nBianca Dijk ist die Datenschutzbeauftragte von Groot Zevert Livestock. Sie ist unter bianca@grootzevert.nl erreichbar.<\/p>\n<h4><strong>Von uns verarbeitete personenbezogene Daten<\/strong><\/h4>\n<p>Groot Zevert Livestock verarbeitet Ihre personenbezogenen Daten, weil Sie unsere Dienstleistungen nutzen und\/oder weil Sie uns diese Daten selbst erteilen. Nachstehend ein \u00dcberblick \u00fcber die von uns verarbeiteten personenbezogenen Daten:<\/p>\n<ul>\n<li class=\"option\">Vor- und Nachname (\u00fcber das Kontaktformular)<\/li>\n<li class=\"option\">E-Mail-Adresse (\u00fcber das Kontaktformular)<\/li>\n<li class=\"option\">Daten zu Ihrem Surfverhalten \u00fcber mehrere Websites hinweg<\/li>\n<\/ul>\n<h4><strong>Von uns verarbeitete besondere oder sensible personenbezogene Daten<\/strong><\/h4>\n<p>Unsere Website bzw. unser Dienst hat nicht die Absicht, Daten von Websitebesuchern, die j\u00fcnger als 16 Jahre sind, ohne Erlaubnis ihrer Eltern oder ihres Vormunds zu erfassen. Wir k\u00f6nnen jedoch nicht kontrollieren, ob ein Besucher \u00e4lter als 16 Jahre ist. Wir empfehlen Eltern deshalb, die Online-Aktivit\u00e4ten ihrer Kinder im Auge zu behalten, um zu vermeiden, dass personenbezogene Daten dieser Kinder ohne elterliche Erlaubnis gesammelt werden. Wenn Sie \u00fcberzeugt sind, dass wir ohne entsprechende Erlaubnis personenbezogenen Daten \u00fcber einen Minderj\u00e4hrigen erfasst haben, wenden Sie sich bitte unter info@grootzevert.nl an uns. Die betreffenden Daten werden dann gel\u00f6scht.<\/p>\n<h4><strong>Zwecke und Rechtsgrundlagen f\u00fcr unsere Verarbeitung personenbezogener Daten<\/strong><\/h4>\n<p>Groot Zevert Livestock verarbeiten Ihre personenbezogenen Daten zu den folgenden Zwecken:<\/p>\n<ul>\n<li class=\"option\">Versand unserer Newsletter und\/oder Werbebrosch\u00fcren<\/li>\n<li class=\"option\">Um telefonisch oder per E-Mail Kontakt mit Ihnen aufzunehmen, falls dies zur Erbringung unserer Dienstleistung notwendig ist (\u00fcber das Kontaktformular)<\/li>\n<\/ul>\n<h4><strong>Automatisierte Entscheidungen<\/strong><\/h4>\n<p>Groot Zevert Livestock trifft <strong><span style=\"text-decoration: underline;\">keine<\/span><\/strong> Entscheidungen \u00fcber Angelegenheiten, die (erhebliche) Folgen f\u00fcr Personen haben k\u00f6nnen, mittels automatischer Entscheidungsprozesse. Dabei geht es um Entscheidungen, die ohne menschliches Eingreifen (zum Beispiel durch einen Mitarbeiter von Groot Zevert Livestock) von Computerprogrammen oder -systemen getroffen werden.<\/p>\n<h4><strong>Dauer der Aufbewahrung personenbezogener Daten<\/strong><\/h4>\n<p>Groot Zevert Livestock speichert Ihre personenbezogenen Daten nicht l\u00e4nger als unbedingt zur Erf\u00fcllung der Zwecke, f\u00fcr die Ihre Daten erhoben werden, notwendig.<\/p>\n<h4><strong>Weitergabe personenbezogener Daten an Dritte<\/strong><\/h4>\n<p>Groot Zevert Livestock gibt Ihre personenbezogene Daten nur an Dritte weiter, sofern dies zur Erf\u00fcllung des mit Ihnen geschlossenen Vertrags oder zur Erf\u00fcllung einer gesetzlichen Verpflichtung notwendig ist.<\/p>\n<h4><strong>Cookies oder vergleichbare von uns verwendete Methoden<\/strong><\/h4>\n<p>Groot Zevert Livestock verwendet keine Cookies oder vergleichbare Methoden.<\/p>\n<h4><strong>Daten einsehen, \u00e4ndern oder l\u00f6schen<\/strong><\/h4>\n<p>Sie haben das Recht, ihre personenbezogenen Daten einzusehen, zu berichtigen oder zu l\u00f6schen. Sie haben auch das Recht, eine eventuelle Zustimmung zur Verarbeitung Ihrer Daten zur\u00fcckzunehmen oder Einwand gegen die Verarbeitung Ihrer personenbezogenen Daten durch Groot Zevert Livestock zu erheben. Au\u00dferdem haben Sie Recht auf Daten\u00fcbertragbarkeit. Das bedeutet, dass Sie uns darum ersuchen k\u00f6nnen, die von uns gespeicherten Daten zu Ihrer Person Ihnen selbst oder einem anderen, von Ihnen genannten Dienstleistungsanbieter in einer Computerdatei zuzusenden. Antr\u00e4ge auf Einsichtnahme, Berichtigung, L\u00f6schung oder \u00dcbertragung Ihrer personenbezogenen Daten, eine Zur\u00fccknahme Ihrer Zustimmung oder Einw\u00e4nde gegen de Verarbeitung Ihrer personenbezogenen Daten senden Sie bitte an info@grootzevert.nl. Um sicherzustellen, dass ein Antrag auf Einsichtnahme von Ihnen gestellt wurde, f\u00fcgen Sie dem Antrag bitte eine Kopie Ihres Ausweises bei. Machen Sie zum Schutz Ihrer Privatsph\u00e4re Ihr Passfoto, den maschinenlesbaren Bereich (die Zeilen mit Zeichen im unteren Bereich des Dokuments) und Ihre Ausweisnummer in dieser Kopie schwarz. Wir reagieren so schnell wie m\u00f6glich und in jedem Fall innerhalb von vier Wochen auf Ihren Antrag. Wir weisen Sie au\u00dferdem darauf hin, dass sie eine Beschwerde bei der hierf\u00fcr zust\u00e4ndigen niederl\u00e4ndischen Aufsichtsbeh\u00f6rde, der Autoriteit Persoonsgegevens, einreichen k\u00f6nnen. Verwenden Sie dazu den folgenden Link: https:\/\/autoriteitpersoonsgegevens.nl\/nl\/contact-met-de-autoriteit-persoonsgegevens\/tip-ons<\/p>\n<h4><strong>Unsere Ma\u00dfnahmen zum Schutz personenbezogener Daten<\/strong><\/h4>\n<p>Groot Zevert Livestock nimmt den Schutz Ihrer Daten ernst und hat angemessene Ma\u00dfnahmen zur Vorbeugung gegen Missbrauch, Verlust, unerlaubten Zugriff, unerw\u00fcnschte Ver\u00f6ffentlichung und unerlaubte \u00c4nderung getroffen. Wenn Sie den Eindruck haben, dass Ihre Daten nicht ausreichend gesch\u00fctzt sind, oder Anzeichen f\u00fcr Missbrauch entdeckt haben, wenden Sie sich bitte an unseren Kundendienst oder an info@grootzevert.nl.<\/p>\n","protected":false},"excerpt":{"rendered":"<p>Datenschutzerkl\u00e4rung Groot Zevert Livestock, mit Sitz am Venneslatweg 26, 7151 HD Eibergen (NL), ist f\u00fcr die Verarbeitung personenbezogener Daten gem\u00e4\u00df dieser Datenschutzerkl\u00e4rung verantwortlich. Kontaktdaten Website: https:\/\/www.grootzevert.nl\/ Adresse: Venneslatweg 26, 7151 HD Eibergen (NL) Telefon: +31 545 476 726 Bianca Dijk ist die Datenschutzbeauftragte von Groot Zevert Livestock. Sie ist unter bianca@grootzevert.nl erreichbar. Von uns verarbeitete [&hellip;]<\/p>\n","protected":false},"author":1,"featured_media":0,"parent":0,"menu_order":0,"comment_status":"closed","ping_status":"open","template":"","meta":{"_acf_changed":false,"footnotes":""},"class_list":["post-537","page","type-page","status-publish","hentry"],"acf":[],"yoast_head":"<!-- This site is optimized with the Yoast SEO plugin v27.5 - https:\/\/yoast.com\/product\/yoast-seo-wordpress\/ -->\n<title>Datenschutz - Groot Zevert Livestock<\/title>\n<meta name=\"robots\" content=\"index, follow, max-snippet:-1, max-image-preview:large, max-video-preview:-1\" \/>\n<link rel=\"canonical\" href=\"https:\/\/www.grootzevert.nl\/de\/datenschutz\/\" \/>\n<meta property=\"og:locale\" content=\"de_DE\" \/>\n<meta property=\"og:type\" content=\"article\" \/>\n<meta property=\"og:title\" content=\"Datenschutz - Groot Zevert Livestock\" \/>\n<meta property=\"og:description\" content=\"Datenschutzerkl\u00e4rung Groot Zevert Livestock, mit Sitz am Venneslatweg 26, 7151 HD Eibergen (NL), ist f\u00fcr die Verarbeitung personenbezogener Daten gem\u00e4\u00df dieser Datenschutzerkl\u00e4rung verantwortlich. Kontaktdaten Website: https:\/\/www.grootzevert.nl\/ Adresse: Venneslatweg 26, 7151 HD Eibergen (NL) Telefon: +31 545 476 726 Bianca Dijk ist die Datenschutzbeauftragte von Groot Zevert Livestock. Sie ist unter bianca@grootzevert.nl erreichbar. Von uns verarbeitete [&hellip;]\" \/>\n<meta property=\"og:url\" content=\"https:\/\/www.grootzevert.nl\/de\/datenschutz\/\" \/>\n<meta property=\"og:site_name\" content=\"Groot Zevert Livestock\" \/>\n<meta property=\"article:publisher\" content=\"https:\/\/www.facebook.com\/Groot-Zevert-Transport-159543224162510\/\" \/>\n<meta property=\"article:modified_time\" content=\"2020-02-07T14:32:12+00:00\" \/>\n<meta name=\"twitter:card\" content=\"summary_large_image\" \/>\n<meta name=\"twitter:label1\" content=\"Gesch\u00e4tzte Lesezeit\" \/>\n\t<meta name=\"twitter:data1\" content=\"3\u00a0Minuten\" \/>\n<script type=\"application\/ld+json\" class=\"yoast-schema-graph\">{\"@context\":\"https:\\\/\\\/schema.org\",\"@graph\":[{\"@type\":\"WebPage\",\"@id\":\"https:\\\/\\\/www.grootzevert.nl\\\/de\\\/datenschutz\\\/\",\"url\":\"https:\\\/\\\/www.grootzevert.nl\\\/de\\\/datenschutz\\\/\",\"name\":\"Datenschutz - Groot Zevert Livestock\",\"isPartOf\":{\"@id\":\"https:\\\/\\\/www.grootzevert.nl\\\/#website\"},\"datePublished\":\"2019-12-04T16:23:17+00:00\",\"dateModified\":\"2020-02-07T14:32:12+00:00\",\"breadcrumb\":{\"@id\":\"https:\\\/\\\/www.grootzevert.nl\\\/de\\\/datenschutz\\\/#breadcrumb\"},\"inLanguage\":\"de\",\"potentialAction\":[{\"@type\":\"ReadAction\",\"target\":[\"https:\\\/\\\/www.grootzevert.nl\\\/de\\\/datenschutz\\\/\"]}]},{\"@type\":\"BreadcrumbList\",\"@id\":\"https:\\\/\\\/www.grootzevert.nl\\\/de\\\/datenschutz\\\/#breadcrumb\",\"itemListElement\":[{\"@type\":\"ListItem\",\"position\":1,\"name\":\"Home\",\"item\":\"https:\\\/\\\/www.grootzevert.nl\\\/de\\\/\"},{\"@type\":\"ListItem\",\"position\":2,\"name\":\"Datenschutz\"}]},{\"@type\":\"WebSite\",\"@id\":\"https:\\\/\\\/www.grootzevert.nl\\\/#website\",\"url\":\"https:\\\/\\\/www.grootzevert.nl\\\/\",\"name\":\"Groot Zevert Livestock\",\"description\":\"\",\"potentialAction\":[{\"@type\":\"SearchAction\",\"target\":{\"@type\":\"EntryPoint\",\"urlTemplate\":\"https:\\\/\\\/www.grootzevert.nl\\\/?s={search_term_string}\"},\"query-input\":{\"@type\":\"PropertyValueSpecification\",\"valueRequired\":true,\"valueName\":\"search_term_string\"}}],\"inLanguage\":\"de\"}]}<\/script>\n<!-- \/ Yoast SEO plugin. -->","yoast_head_json":{"title":"Datenschutz - Groot Zevert Livestock","robots":{"index":"index","follow":"follow","max-snippet":"max-snippet:-1","max-image-preview":"max-image-preview:large","max-video-preview":"max-video-preview:-1"},"canonical":"https:\/\/www.grootzevert.nl\/de\/datenschutz\/","og_locale":"de_DE","og_type":"article","og_title":"Datenschutz - Groot Zevert Livestock","og_description":"Datenschutzerkl\u00e4rung Groot Zevert Livestock, mit Sitz am Venneslatweg 26, 7151 HD Eibergen (NL), ist f\u00fcr die Verarbeitung personenbezogener Daten gem\u00e4\u00df dieser Datenschutzerkl\u00e4rung verantwortlich. Kontaktdaten Website: https:\/\/www.grootzevert.nl\/ Adresse: Venneslatweg 26, 7151 HD Eibergen (NL) Telefon: +31 545 476 726 Bianca Dijk ist die Datenschutzbeauftragte von Groot Zevert Livestock. Sie ist unter bianca@grootzevert.nl erreichbar. Von uns verarbeitete [&hellip;]","og_url":"https:\/\/www.grootzevert.nl\/de\/datenschutz\/","og_site_name":"Groot Zevert Livestock","article_publisher":"https:\/\/www.facebook.com\/Groot-Zevert-Transport-159543224162510\/","article_modified_time":"2020-02-07T14:32:12+00:00","twitter_card":"summary_large_image","twitter_misc":{"Gesch\u00e4tzte Lesezeit":"3\u00a0Minuten"},"schema":{"@context":"https:\/\/schema.org","@graph":[{"@type":"WebPage","@id":"https:\/\/www.grootzevert.nl\/de\/datenschutz\/","url":"https:\/\/www.grootzevert.nl\/de\/datenschutz\/","name":"Datenschutz - Groot Zevert Livestock","isPartOf":{"@id":"https:\/\/www.grootzevert.nl\/#website"},"datePublished":"2019-12-04T16:23:17+00:00","dateModified":"2020-02-07T14:32:12+00:00","breadcrumb":{"@id":"https:\/\/www.grootzevert.nl\/de\/datenschutz\/#breadcrumb"},"inLanguage":"de","potentialAction":[{"@type":"ReadAction","target":["https:\/\/www.grootzevert.nl\/de\/datenschutz\/"]}]},{"@type":"BreadcrumbList","@id":"https:\/\/www.grootzevert.nl\/de\/datenschutz\/#breadcrumb","itemListElement":[{"@type":"ListItem","position":1,"name":"Home","item":"https:\/\/www.grootzevert.nl\/de\/"},{"@type":"ListItem","position":2,"name":"Datenschutz"}]},{"@type":"WebSite","@id":"https:\/\/www.grootzevert.nl\/#website","url":"https:\/\/www.grootzevert.nl\/","name":"Groot Zevert Livestock","description":"","potentialAction":[{"@type":"SearchAction","target":{"@type":"EntryPoint","urlTemplate":"https:\/\/www.grootzevert.nl\/?s={search_term_string}"},"query-input":{"@type":"PropertyValueSpecification","valueRequired":true,"valueName":"search_term_string"}}],"inLanguage":"de"}]}},"_links":{"self":[{"href":"https:\/\/www.grootzevert.nl\/de\/wp-json\/wp\/v2\/pages\/537","targetHints":{"allow":["GET"]}}],"collection":[{"href":"https:\/\/www.grootzevert.nl\/de\/wp-json\/wp\/v2\/pages"}],"about":[{"href":"https:\/\/www.grootzevert.nl\/de\/wp-json\/wp\/v2\/types\/page"}],"author":[{"embeddable":true,"href":"https:\/\/www.grootzevert.nl\/de\/wp-json\/wp\/v2\/users\/1"}],"replies":[{"embeddable":true,"href":"https:\/\/www.grootzevert.nl\/de\/wp-json\/wp\/v2\/comments?post=537"}],"version-history":[{"count":1,"href":"https:\/\/www.grootzevert.nl\/de\/wp-json\/wp\/v2\/pages\/537\/revisions"}],"predecessor-version":[{"id":538,"href":"https:\/\/www.grootzevert.nl\/de\/wp-json\/wp\/v2\/pages\/537\/revisions\/538"}],"wp:attachment":[{"href":"https:\/\/www.grootzevert.nl\/de\/wp-json\/wp\/v2\/media?parent=537"}],"curies":[{"name":"wp","href":"https:\/\/api.w.org\/{rel}","templated":true}]}}