{"id":534,"date":"2019-12-05T13:24:20","date_gmt":"2019-12-05T13:24:20","guid":{"rendered":"https:\/\/www.grootzevert.nl\/over-ons\/"},"modified":"2020-05-11T15:16:01","modified_gmt":"2020-05-11T15:16:01","slug":"ueber-uns","status":"publish","type":"page","link":"https:\/\/www.grootzevert.nl\/de\/ueber-uns\/","title":{"rendered":"\u00dcber uns"},"content":{"rendered":"<h1><strong>\u00dcber uns<\/strong><\/h1>\n<p><strong>Groot Zevert Livestock ist ein fortschrittliches Unternehmen, das sich auf den hochwertigen Transport lebender Tiere spezialisiert hat. Dazu geh\u00f6ren unter anderem Ferkel, Schweine, Sauen, K\u00e4lber, K\u00fche und Schafe. Dank unserer langj\u00e4hrigen Erfahrung im Lebendviehtransport und loyaler, motivierter und qualifizierter Mitarbeiter k\u00f6nnen wir Ihnen optimalen Service bieten.<br \/>\n<\/strong><\/p>\n<p>Bei unseren Transportleistungen bem\u00fchen wir uns schon seit jeher darum, in punkto Tierwohl eine f\u00fchrende Rolle einzunehmen. Alle gesellschaftlichen Entwicklungen in Bezug auf einen m\u00f6glichst tierschutzgerechten Transport werden immer direkt umgesetzt. Der Fuhrpark entspricht allen aktuellen Qualit\u00e4tsanforderungen an den internationalen und inl\u00e4ndischen Transport und ist mit beweglichen B\u00f6den, Tr\u00e4nkanlagen und Bel\u00fcftungssystemen ausgestattet. Au\u00dferdem verf\u00fcgen wir \u00fcber einen einzigartigen Stallraum zur kurzfristigen Sammlung der Tiere und befindet sich auf dem Komplex in Eibergen ein moderner, gut ausgestatteter Wasch- und Desinfektionsplatz f\u00fcr Viehwagen.<\/p>\n<h3><strong>Unser Versprechen an Sie:<\/strong><\/h3>\n<ul>\n<li>Pers\u00f6nliche und serviceorientierte Dienstleistung<\/li>\n<li>Ein zuverl\u00e4ssiger Partner f\u00fcr den Lebendviehtransport<\/li>\n<li>Ein Experte f\u00fcr Viehtransport mit qualifizierten Fahrern<\/li>\n<li>Viehtransport hoher Qualit\u00e4t, denn das ist, wof\u00fcr wir stehen!<\/li>\n<\/ul>\n<p><a class=\"btn btn-primary\" href=\"https:\/\/www.grootzevert.nl\/de\/dienstleistungen\/\">Leistungsangebot<\/a><a class=\"btn btn-primary\" href=\"https:\/\/www.grootzevert.nl\/de\/kontakt\/\">Kontakt<\/a><\/p>\n","protected":false},"excerpt":{"rendered":"<p>\u00dcber uns Groot Zevert Livestock ist ein fortschrittliches Unternehmen, das sich auf den hochwertigen Transport lebender Tiere spezialisiert hat. Dazu geh\u00f6ren unter anderem Ferkel, Schweine, Sauen, K\u00e4lber, K\u00fche und Schafe. Dank unserer langj\u00e4hrigen Erfahrung im Lebendviehtransport und loyaler, motivierter und qualifizierter Mitarbeiter k\u00f6nnen wir Ihnen optimalen Service bieten. Bei unseren Transportleistungen bem\u00fchen wir uns schon [&hellip;]<\/p>\n","protected":false},"author":1,"featured_media":0,"parent":0,"menu_order":0,"comment_status":"closed","ping_status":"closed","template":"","meta":{"_acf_changed":false,"footnotes":""},"class_list":["post-534","page","type-page","status-publish","hentry"],"acf":[],"yoast_head":"<!-- This site is optimized with the Yoast SEO plugin v27.3 - https:\/\/yoast.com\/product\/yoast-seo-wordpress\/ -->\n<title>\u00dcber uns - Groot Zevert Livestock<\/title>\n<meta name=\"robots\" content=\"index, follow, max-snippet:-1, max-image-preview:large, max-video-preview:-1\" \/>\n<link rel=\"canonical\" href=\"https:\/\/www.grootzevert.nl\/de\/ueber-uns\/\" \/>\n<meta property=\"og:locale\" content=\"de_DE\" \/>\n<meta property=\"og:type\" content=\"article\" \/>\n<meta property=\"og:title\" content=\"\u00dcber uns - Groot Zevert Livestock\" \/>\n<meta property=\"og:description\" content=\"\u00dcber uns Groot Zevert Livestock ist ein fortschrittliches Unternehmen, das sich auf den hochwertigen Transport lebender Tiere spezialisiert hat. Dazu geh\u00f6ren unter anderem Ferkel, Schweine, Sauen, K\u00e4lber, K\u00fche und Schafe. Dank unserer langj\u00e4hrigen Erfahrung im Lebendviehtransport und loyaler, motivierter und qualifizierter Mitarbeiter k\u00f6nnen wir Ihnen optimalen Service bieten. Bei unseren Transportleistungen bem\u00fchen wir uns schon [&hellip;]\" \/>\n<meta property=\"og:url\" content=\"https:\/\/www.grootzevert.nl\/de\/ueber-uns\/\" \/>\n<meta property=\"og:site_name\" content=\"Groot Zevert Livestock\" \/>\n<meta property=\"article:publisher\" content=\"https:\/\/www.facebook.com\/Groot-Zevert-Transport-159543224162510\/\" \/>\n<meta property=\"article:modified_time\" content=\"2020-05-11T15:16:01+00:00\" \/>\n<meta name=\"twitter:card\" content=\"summary_large_image\" \/>\n<meta name=\"twitter:label1\" content=\"Gesch\u00e4tzte Lesezeit\" \/>\n\t<meta name=\"twitter:data1\" content=\"1\u00a0Minute\" \/>\n<script type=\"application\/ld+json\" class=\"yoast-schema-graph\">{\"@context\":\"https:\\\/\\\/schema.org\",\"@graph\":[{\"@type\":\"WebPage\",\"@id\":\"https:\\\/\\\/www.grootzevert.nl\\\/de\\\/ueber-uns\\\/\",\"url\":\"https:\\\/\\\/www.grootzevert.nl\\\/de\\\/ueber-uns\\\/\",\"name\":\"\u00dcber uns - Groot Zevert Livestock\",\"isPartOf\":{\"@id\":\"https:\\\/\\\/www.grootzevert.nl\\\/#website\"},\"datePublished\":\"2019-12-05T13:24:20+00:00\",\"dateModified\":\"2020-05-11T15:16:01+00:00\",\"breadcrumb\":{\"@id\":\"https:\\\/\\\/www.grootzevert.nl\\\/de\\\/ueber-uns\\\/#breadcrumb\"},\"inLanguage\":\"de\",\"potentialAction\":[{\"@type\":\"ReadAction\",\"target\":[\"https:\\\/\\\/www.grootzevert.nl\\\/de\\\/ueber-uns\\\/\"]}]},{\"@type\":\"BreadcrumbList\",\"@id\":\"https:\\\/\\\/www.grootzevert.nl\\\/de\\\/ueber-uns\\\/#breadcrumb\",\"itemListElement\":[{\"@type\":\"ListItem\",\"position\":1,\"name\":\"Home\",\"item\":\"https:\\\/\\\/www.grootzevert.nl\\\/de\\\/\"},{\"@type\":\"ListItem\",\"position\":2,\"name\":\"\u00dcber uns\"}]},{\"@type\":\"WebSite\",\"@id\":\"https:\\\/\\\/www.grootzevert.nl\\\/#website\",\"url\":\"https:\\\/\\\/www.grootzevert.nl\\\/\",\"name\":\"Groot Zevert Livestock\",\"description\":\"\",\"potentialAction\":[{\"@type\":\"SearchAction\",\"target\":{\"@type\":\"EntryPoint\",\"urlTemplate\":\"https:\\\/\\\/www.grootzevert.nl\\\/?s={search_term_string}\"},\"query-input\":{\"@type\":\"PropertyValueSpecification\",\"valueRequired\":true,\"valueName\":\"search_term_string\"}}],\"inLanguage\":\"de\"}]}<\/script>\n<!-- \/ Yoast SEO plugin. -->","yoast_head_json":{"title":"\u00dcber uns - Groot Zevert Livestock","robots":{"index":"index","follow":"follow","max-snippet":"max-snippet:-1","max-image-preview":"max-image-preview:large","max-video-preview":"max-video-preview:-1"},"canonical":"https:\/\/www.grootzevert.nl\/de\/ueber-uns\/","og_locale":"de_DE","og_type":"article","og_title":"\u00dcber uns - Groot Zevert Livestock","og_description":"\u00dcber uns Groot Zevert Livestock ist ein fortschrittliches Unternehmen, das sich auf den hochwertigen Transport lebender Tiere spezialisiert hat. Dazu geh\u00f6ren unter anderem Ferkel, Schweine, Sauen, K\u00e4lber, K\u00fche und Schafe. Dank unserer langj\u00e4hrigen Erfahrung im Lebendviehtransport und loyaler, motivierter und qualifizierter Mitarbeiter k\u00f6nnen wir Ihnen optimalen Service bieten. Bei unseren Transportleistungen bem\u00fchen wir uns schon [&hellip;]","og_url":"https:\/\/www.grootzevert.nl\/de\/ueber-uns\/","og_site_name":"Groot Zevert Livestock","article_publisher":"https:\/\/www.facebook.com\/Groot-Zevert-Transport-159543224162510\/","article_modified_time":"2020-05-11T15:16:01+00:00","twitter_card":"summary_large_image","twitter_misc":{"Gesch\u00e4tzte Lesezeit":"1\u00a0Minute"},"schema":{"@context":"https:\/\/schema.org","@graph":[{"@type":"WebPage","@id":"https:\/\/www.grootzevert.nl\/de\/ueber-uns\/","url":"https:\/\/www.grootzevert.nl\/de\/ueber-uns\/","name":"\u00dcber uns - Groot Zevert Livestock","isPartOf":{"@id":"https:\/\/www.grootzevert.nl\/#website"},"datePublished":"2019-12-05T13:24:20+00:00","dateModified":"2020-05-11T15:16:01+00:00","breadcrumb":{"@id":"https:\/\/www.grootzevert.nl\/de\/ueber-uns\/#breadcrumb"},"inLanguage":"de","potentialAction":[{"@type":"ReadAction","target":["https:\/\/www.grootzevert.nl\/de\/ueber-uns\/"]}]},{"@type":"BreadcrumbList","@id":"https:\/\/www.grootzevert.nl\/de\/ueber-uns\/#breadcrumb","itemListElement":[{"@type":"ListItem","position":1,"name":"Home","item":"https:\/\/www.grootzevert.nl\/de\/"},{"@type":"ListItem","position":2,"name":"\u00dcber uns"}]},{"@type":"WebSite","@id":"https:\/\/www.grootzevert.nl\/#website","url":"https:\/\/www.grootzevert.nl\/","name":"Groot Zevert Livestock","description":"","potentialAction":[{"@type":"SearchAction","target":{"@type":"EntryPoint","urlTemplate":"https:\/\/www.grootzevert.nl\/?s={search_term_string}"},"query-input":{"@type":"PropertyValueSpecification","valueRequired":true,"valueName":"search_term_string"}}],"inLanguage":"de"}]}},"_links":{"self":[{"href":"https:\/\/www.grootzevert.nl\/de\/wp-json\/wp\/v2\/pages\/534","targetHints":{"allow":["GET"]}}],"collection":[{"href":"https:\/\/www.grootzevert.nl\/de\/wp-json\/wp\/v2\/pages"}],"about":[{"href":"https:\/\/www.grootzevert.nl\/de\/wp-json\/wp\/v2\/types\/page"}],"author":[{"embeddable":true,"href":"https:\/\/www.grootzevert.nl\/de\/wp-json\/wp\/v2\/users\/1"}],"replies":[{"embeddable":true,"href":"https:\/\/www.grootzevert.nl\/de\/wp-json\/wp\/v2\/comments?post=534"}],"version-history":[{"count":6,"href":"https:\/\/www.grootzevert.nl\/de\/wp-json\/wp\/v2\/pages\/534\/revisions"}],"predecessor-version":[{"id":705,"href":"https:\/\/www.grootzevert.nl\/de\/wp-json\/wp\/v2\/pages\/534\/revisions\/705"}],"wp:attachment":[{"href":"https:\/\/www.grootzevert.nl\/de\/wp-json\/wp\/v2\/media?parent=534"}],"curies":[{"name":"wp","href":"https:\/\/api.w.org\/{rel}","templated":true}]}}