{"id":528,"date":"2019-12-05T13:07:02","date_gmt":"2019-12-05T13:07:02","guid":{"rendered":"https:\/\/www.grootzevert.nl\/dienstleistungen\/verzamelplaats\/"},"modified":"2020-05-11T15:16:33","modified_gmt":"2020-05-11T15:16:33","slug":"sammelstelle","status":"publish","type":"page","link":"https:\/\/www.grootzevert.nl\/de\/dienstleistungen\/sammelstelle\/","title":{"rendered":"Sammelstelle"},"content":{"rendered":"<h1><strong>Sammelstelle<\/strong><\/h1>\n<p><strong>Groot Zevert Livestock in Eibergen verf\u00fcgt \u00fcber eine Exportsammelstelle f\u00fcr Vieh. Unsere anerkannte Sammelstelle ist f\u00fcr K\u00e4lber, Rinder, Schweine, Sauen und Ferkel geeignet.<\/strong><\/p>\n<p>Durch diesen einzigartigen Stallraum haben unsere Kunden die M\u00f6glichkeit, das Abholen der Tiere tags\u00fcber stattfinden zu lassen und die Tiere zeitweise bei uns unterzustellen. Dabei steht das Wohl der Tiere an erster Stelle. Hygienische St\u00e4lle, ein umfassendes Angebot an Zusatzleistungen und zertifizierte Tierpfleger garantieren, dass jedes einzelne Tier optimal versorgt wird.<\/p>\n<p><a class=\"btn btn-primary\" href=\"https:\/\/www.grootzevert.nl\/de\/ueber-uns\/\">Mehr \u00fcber uns<\/a><a class=\"btn btn-primary\" href=\"https:\/\/www.grootzevert.nl\/de\/kontakt\/\">Kontakt<\/a><\/p>\n","protected":false},"excerpt":{"rendered":"<p>Sammelstelle Groot Zevert Livestock in Eibergen verf\u00fcgt \u00fcber eine Exportsammelstelle f\u00fcr Vieh. Unsere anerkannte Sammelstelle ist f\u00fcr K\u00e4lber, Rinder, Schweine, Sauen und Ferkel geeignet. Durch diesen einzigartigen Stallraum haben unsere Kunden die M\u00f6glichkeit, das Abholen der Tiere tags\u00fcber stattfinden zu lassen und die Tiere zeitweise bei uns unterzustellen. Dabei steht das Wohl der Tiere an [&hellip;]<\/p>\n","protected":false},"author":1,"featured_media":0,"parent":497,"menu_order":0,"comment_status":"closed","ping_status":"closed","template":"","meta":{"_acf_changed":false,"footnotes":""},"class_list":["post-528","page","type-page","status-publish","hentry"],"acf":[],"yoast_head":"<!-- This site is optimized with the Yoast SEO plugin v27.5 - https:\/\/yoast.com\/product\/yoast-seo-wordpress\/ -->\n<title>Sammelstelle - Groot Zevert Livestock<\/title>\n<meta name=\"robots\" content=\"index, follow, max-snippet:-1, max-image-preview:large, max-video-preview:-1\" \/>\n<link rel=\"canonical\" href=\"https:\/\/www.grootzevert.nl\/de\/dienstleistungen\/sammelstelle\/\" \/>\n<meta property=\"og:locale\" content=\"de_DE\" \/>\n<meta property=\"og:type\" content=\"article\" \/>\n<meta property=\"og:title\" content=\"Sammelstelle - Groot Zevert Livestock\" \/>\n<meta property=\"og:description\" content=\"Sammelstelle Groot Zevert Livestock in Eibergen verf\u00fcgt \u00fcber eine Exportsammelstelle f\u00fcr Vieh. Unsere anerkannte Sammelstelle ist f\u00fcr K\u00e4lber, Rinder, Schweine, Sauen und Ferkel geeignet. Durch diesen einzigartigen Stallraum haben unsere Kunden die M\u00f6glichkeit, das Abholen der Tiere tags\u00fcber stattfinden zu lassen und die Tiere zeitweise bei uns unterzustellen. Dabei steht das Wohl der Tiere an [&hellip;]\" \/>\n<meta property=\"og:url\" content=\"https:\/\/www.grootzevert.nl\/de\/dienstleistungen\/sammelstelle\/\" \/>\n<meta property=\"og:site_name\" content=\"Groot Zevert Livestock\" \/>\n<meta property=\"article:publisher\" content=\"https:\/\/www.facebook.com\/Groot-Zevert-Transport-159543224162510\/\" \/>\n<meta property=\"article:modified_time\" content=\"2020-05-11T15:16:33+00:00\" \/>\n<meta name=\"twitter:card\" content=\"summary_large_image\" \/>\n<script type=\"application\/ld+json\" class=\"yoast-schema-graph\">{\"@context\":\"https:\\\/\\\/schema.org\",\"@graph\":[{\"@type\":\"WebPage\",\"@id\":\"https:\\\/\\\/www.grootzevert.nl\\\/de\\\/dienstleistungen\\\/sammelstelle\\\/\",\"url\":\"https:\\\/\\\/www.grootzevert.nl\\\/de\\\/dienstleistungen\\\/sammelstelle\\\/\",\"name\":\"Sammelstelle - Groot Zevert Livestock\",\"isPartOf\":{\"@id\":\"https:\\\/\\\/www.grootzevert.nl\\\/#website\"},\"datePublished\":\"2019-12-05T13:07:02+00:00\",\"dateModified\":\"2020-05-11T15:16:33+00:00\",\"breadcrumb\":{\"@id\":\"https:\\\/\\\/www.grootzevert.nl\\\/de\\\/dienstleistungen\\\/sammelstelle\\\/#breadcrumb\"},\"inLanguage\":\"de\",\"potentialAction\":[{\"@type\":\"ReadAction\",\"target\":[\"https:\\\/\\\/www.grootzevert.nl\\\/de\\\/dienstleistungen\\\/sammelstelle\\\/\"]}]},{\"@type\":\"BreadcrumbList\",\"@id\":\"https:\\\/\\\/www.grootzevert.nl\\\/de\\\/dienstleistungen\\\/sammelstelle\\\/#breadcrumb\",\"itemListElement\":[{\"@type\":\"ListItem\",\"position\":1,\"name\":\"Home\",\"item\":\"https:\\\/\\\/www.grootzevert.nl\\\/de\\\/\"},{\"@type\":\"ListItem\",\"position\":2,\"name\":\"Dienstleistungen\",\"item\":\"https:\\\/\\\/www.grootzevert.nl\\\/de\\\/dienstleistungen\\\/\"},{\"@type\":\"ListItem\",\"position\":3,\"name\":\"Sammelstelle\"}]},{\"@type\":\"WebSite\",\"@id\":\"https:\\\/\\\/www.grootzevert.nl\\\/#website\",\"url\":\"https:\\\/\\\/www.grootzevert.nl\\\/\",\"name\":\"Groot Zevert Livestock\",\"description\":\"\",\"potentialAction\":[{\"@type\":\"SearchAction\",\"target\":{\"@type\":\"EntryPoint\",\"urlTemplate\":\"https:\\\/\\\/www.grootzevert.nl\\\/?s={search_term_string}\"},\"query-input\":{\"@type\":\"PropertyValueSpecification\",\"valueRequired\":true,\"valueName\":\"search_term_string\"}}],\"inLanguage\":\"de\"}]}<\/script>\n<!-- \/ Yoast SEO plugin. -->","yoast_head_json":{"title":"Sammelstelle - Groot Zevert Livestock","robots":{"index":"index","follow":"follow","max-snippet":"max-snippet:-1","max-image-preview":"max-image-preview:large","max-video-preview":"max-video-preview:-1"},"canonical":"https:\/\/www.grootzevert.nl\/de\/dienstleistungen\/sammelstelle\/","og_locale":"de_DE","og_type":"article","og_title":"Sammelstelle - Groot Zevert Livestock","og_description":"Sammelstelle Groot Zevert Livestock in Eibergen verf\u00fcgt \u00fcber eine Exportsammelstelle f\u00fcr Vieh. Unsere anerkannte Sammelstelle ist f\u00fcr K\u00e4lber, Rinder, Schweine, Sauen und Ferkel geeignet. Durch diesen einzigartigen Stallraum haben unsere Kunden die M\u00f6glichkeit, das Abholen der Tiere tags\u00fcber stattfinden zu lassen und die Tiere zeitweise bei uns unterzustellen. Dabei steht das Wohl der Tiere an [&hellip;]","og_url":"https:\/\/www.grootzevert.nl\/de\/dienstleistungen\/sammelstelle\/","og_site_name":"Groot Zevert Livestock","article_publisher":"https:\/\/www.facebook.com\/Groot-Zevert-Transport-159543224162510\/","article_modified_time":"2020-05-11T15:16:33+00:00","twitter_card":"summary_large_image","schema":{"@context":"https:\/\/schema.org","@graph":[{"@type":"WebPage","@id":"https:\/\/www.grootzevert.nl\/de\/dienstleistungen\/sammelstelle\/","url":"https:\/\/www.grootzevert.nl\/de\/dienstleistungen\/sammelstelle\/","name":"Sammelstelle - Groot Zevert Livestock","isPartOf":{"@id":"https:\/\/www.grootzevert.nl\/#website"},"datePublished":"2019-12-05T13:07:02+00:00","dateModified":"2020-05-11T15:16:33+00:00","breadcrumb":{"@id":"https:\/\/www.grootzevert.nl\/de\/dienstleistungen\/sammelstelle\/#breadcrumb"},"inLanguage":"de","potentialAction":[{"@type":"ReadAction","target":["https:\/\/www.grootzevert.nl\/de\/dienstleistungen\/sammelstelle\/"]}]},{"@type":"BreadcrumbList","@id":"https:\/\/www.grootzevert.nl\/de\/dienstleistungen\/sammelstelle\/#breadcrumb","itemListElement":[{"@type":"ListItem","position":1,"name":"Home","item":"https:\/\/www.grootzevert.nl\/de\/"},{"@type":"ListItem","position":2,"name":"Dienstleistungen","item":"https:\/\/www.grootzevert.nl\/de\/dienstleistungen\/"},{"@type":"ListItem","position":3,"name":"Sammelstelle"}]},{"@type":"WebSite","@id":"https:\/\/www.grootzevert.nl\/#website","url":"https:\/\/www.grootzevert.nl\/","name":"Groot Zevert Livestock","description":"","potentialAction":[{"@type":"SearchAction","target":{"@type":"EntryPoint","urlTemplate":"https:\/\/www.grootzevert.nl\/?s={search_term_string}"},"query-input":{"@type":"PropertyValueSpecification","valueRequired":true,"valueName":"search_term_string"}}],"inLanguage":"de"}]}},"_links":{"self":[{"href":"https:\/\/www.grootzevert.nl\/de\/wp-json\/wp\/v2\/pages\/528","targetHints":{"allow":["GET"]}}],"collection":[{"href":"https:\/\/www.grootzevert.nl\/de\/wp-json\/wp\/v2\/pages"}],"about":[{"href":"https:\/\/www.grootzevert.nl\/de\/wp-json\/wp\/v2\/types\/page"}],"author":[{"embeddable":true,"href":"https:\/\/www.grootzevert.nl\/de\/wp-json\/wp\/v2\/users\/1"}],"replies":[{"embeddable":true,"href":"https:\/\/www.grootzevert.nl\/de\/wp-json\/wp\/v2\/comments?post=528"}],"version-history":[{"count":3,"href":"https:\/\/www.grootzevert.nl\/de\/wp-json\/wp\/v2\/pages\/528\/revisions"}],"predecessor-version":[{"id":706,"href":"https:\/\/www.grootzevert.nl\/de\/wp-json\/wp\/v2\/pages\/528\/revisions\/706"}],"up":[{"embeddable":true,"href":"https:\/\/www.grootzevert.nl\/de\/wp-json\/wp\/v2\/pages\/497"}],"wp:attachment":[{"href":"https:\/\/www.grootzevert.nl\/de\/wp-json\/wp\/v2\/media?parent=528"}],"curies":[{"name":"wp","href":"https:\/\/api.w.org\/{rel}","templated":true}]}}