{"id":525,"date":"2019-12-27T14:14:58","date_gmt":"2019-12-27T14:14:58","guid":{"rendered":"https:\/\/www.grootzevert.nl\/dienstleistungen\/veetransport\/"},"modified":"2020-05-11T12:56:46","modified_gmt":"2020-05-11T12:56:46","slug":"viehtransport","status":"publish","type":"page","link":"https:\/\/www.grootzevert.nl\/de\/dienstleistungen\/viehtransport\/","title":{"rendered":"Viehtransport"},"content":{"rendered":"<h1><strong>Viehtransport<\/strong><\/h1>\n<p><strong>Groot Zevert Livestock ist ein fortschrittliches Unternehmen, das sich auf den hochwertigen Transport lebender Tiere spezialisiert hat. Mit unseren modern ausgestatteten Viehwagen k\u00f6nnen wir verschiedene Arten von Tieren bef\u00f6rdern, zum Beispiel Schweine, Ferkel, K\u00fche, K\u00e4lber und Schafe. Auch f\u00fcr Langstreckentransporte sind Sie bei uns an der richtigen Stelle. <\/strong><strong>Der Transport der Tiere erfolgt durch unsere loyalen, motivierten und qualifizierten Mitarbeiter.<br \/>\n<\/strong><\/p>\n<p>Wir verf\u00fcgen \u00fcber das G\u00fctesiegel f\u00fcr Transport und Logistik und erledigen die Transporte gem\u00e4\u00df dem QLL-Qualit\u00e4tssicherungssystem. Unsere Fahrer verwenden w\u00e4hrend des Transports gr\u00f6\u00dfte Sorgfalt auf die Hygiene und das Tierwohl. Die Qualit\u00e4t des Wagenparks wird in unserer eigenen Werkstatt laufend \u00fcberwacht. Kunden von Groot Zevert k\u00f6nnen sich auf einen schnellen und pers\u00f6nlichen Austausch von Informationen, eine sorgf\u00e4ltige und transparente Buchhaltung und eine korrekte Abwicklung verlassen. <strong><br \/>\n<\/strong><\/p>\n<p><a class=\"btn btn-primary\" href=\"https:\/\/www.grootzevert.nl\/de\/dienstleistungen\/\">Leistungsangebot<\/a><a class=\"btn btn-primary\" href=\"https:\/\/www.grootzevert.nl\/de\/kontakt\/\">Kontakt<\/a><\/p>\n","protected":false},"excerpt":{"rendered":"<p>Viehtransport Groot Zevert Livestock ist ein fortschrittliches Unternehmen, das sich auf den hochwertigen Transport lebender Tiere spezialisiert hat. Mit unseren modern ausgestatteten Viehwagen k\u00f6nnen wir verschiedene Arten von Tieren bef\u00f6rdern, zum Beispiel Schweine, Ferkel, K\u00fche, K\u00e4lber und Schafe. Auch f\u00fcr Langstreckentransporte sind Sie bei uns an der richtigen Stelle. Der Transport der Tiere erfolgt durch [&hellip;]<\/p>\n","protected":false},"author":3,"featured_media":0,"parent":497,"menu_order":0,"comment_status":"closed","ping_status":"closed","template":"","meta":{"_acf_changed":false,"footnotes":""},"class_list":["post-525","page","type-page","status-publish","hentry"],"acf":[],"yoast_head":"<!-- This site is optimized with the Yoast SEO plugin v27.5 - https:\/\/yoast.com\/product\/yoast-seo-wordpress\/ -->\n<title>Viehtransport - Groot Zevert Livestock<\/title>\n<meta name=\"robots\" content=\"index, follow, max-snippet:-1, max-image-preview:large, max-video-preview:-1\" \/>\n<link rel=\"canonical\" href=\"https:\/\/www.grootzevert.nl\/de\/dienstleistungen\/viehtransport\/\" \/>\n<meta property=\"og:locale\" content=\"de_DE\" \/>\n<meta property=\"og:type\" content=\"article\" \/>\n<meta property=\"og:title\" content=\"Viehtransport - Groot Zevert Livestock\" \/>\n<meta property=\"og:description\" content=\"Viehtransport Groot Zevert Livestock ist ein fortschrittliches Unternehmen, das sich auf den hochwertigen Transport lebender Tiere spezialisiert hat. Mit unseren modern ausgestatteten Viehwagen k\u00f6nnen wir verschiedene Arten von Tieren bef\u00f6rdern, zum Beispiel Schweine, Ferkel, K\u00fche, K\u00e4lber und Schafe. Auch f\u00fcr Langstreckentransporte sind Sie bei uns an der richtigen Stelle. Der Transport der Tiere erfolgt durch [&hellip;]\" \/>\n<meta property=\"og:url\" content=\"https:\/\/www.grootzevert.nl\/de\/dienstleistungen\/viehtransport\/\" \/>\n<meta property=\"og:site_name\" content=\"Groot Zevert Livestock\" \/>\n<meta property=\"article:publisher\" content=\"https:\/\/www.facebook.com\/Groot-Zevert-Transport-159543224162510\/\" \/>\n<meta property=\"article:modified_time\" content=\"2020-05-11T12:56:46+00:00\" \/>\n<meta name=\"twitter:card\" content=\"summary_large_image\" \/>\n<meta name=\"twitter:label1\" content=\"Gesch\u00e4tzte Lesezeit\" \/>\n\t<meta name=\"twitter:data1\" content=\"1\u00a0Minute\" \/>\n<script type=\"application\/ld+json\" class=\"yoast-schema-graph\">{\"@context\":\"https:\\\/\\\/schema.org\",\"@graph\":[{\"@type\":\"WebPage\",\"@id\":\"https:\\\/\\\/www.grootzevert.nl\\\/de\\\/dienstleistungen\\\/viehtransport\\\/\",\"url\":\"https:\\\/\\\/www.grootzevert.nl\\\/de\\\/dienstleistungen\\\/viehtransport\\\/\",\"name\":\"Viehtransport - Groot Zevert Livestock\",\"isPartOf\":{\"@id\":\"https:\\\/\\\/www.grootzevert.nl\\\/#website\"},\"datePublished\":\"2019-12-27T14:14:58+00:00\",\"dateModified\":\"2020-05-11T12:56:46+00:00\",\"breadcrumb\":{\"@id\":\"https:\\\/\\\/www.grootzevert.nl\\\/de\\\/dienstleistungen\\\/viehtransport\\\/#breadcrumb\"},\"inLanguage\":\"de\",\"potentialAction\":[{\"@type\":\"ReadAction\",\"target\":[\"https:\\\/\\\/www.grootzevert.nl\\\/de\\\/dienstleistungen\\\/viehtransport\\\/\"]}]},{\"@type\":\"BreadcrumbList\",\"@id\":\"https:\\\/\\\/www.grootzevert.nl\\\/de\\\/dienstleistungen\\\/viehtransport\\\/#breadcrumb\",\"itemListElement\":[{\"@type\":\"ListItem\",\"position\":1,\"name\":\"Home\",\"item\":\"https:\\\/\\\/www.grootzevert.nl\\\/de\\\/\"},{\"@type\":\"ListItem\",\"position\":2,\"name\":\"Dienstleistungen\",\"item\":\"https:\\\/\\\/www.grootzevert.nl\\\/de\\\/dienstleistungen\\\/\"},{\"@type\":\"ListItem\",\"position\":3,\"name\":\"Viehtransport\"}]},{\"@type\":\"WebSite\",\"@id\":\"https:\\\/\\\/www.grootzevert.nl\\\/#website\",\"url\":\"https:\\\/\\\/www.grootzevert.nl\\\/\",\"name\":\"Groot Zevert Livestock\",\"description\":\"\",\"potentialAction\":[{\"@type\":\"SearchAction\",\"target\":{\"@type\":\"EntryPoint\",\"urlTemplate\":\"https:\\\/\\\/www.grootzevert.nl\\\/?s={search_term_string}\"},\"query-input\":{\"@type\":\"PropertyValueSpecification\",\"valueRequired\":true,\"valueName\":\"search_term_string\"}}],\"inLanguage\":\"de\"}]}<\/script>\n<!-- \/ Yoast SEO plugin. -->","yoast_head_json":{"title":"Viehtransport - Groot Zevert Livestock","robots":{"index":"index","follow":"follow","max-snippet":"max-snippet:-1","max-image-preview":"max-image-preview:large","max-video-preview":"max-video-preview:-1"},"canonical":"https:\/\/www.grootzevert.nl\/de\/dienstleistungen\/viehtransport\/","og_locale":"de_DE","og_type":"article","og_title":"Viehtransport - Groot Zevert Livestock","og_description":"Viehtransport Groot Zevert Livestock ist ein fortschrittliches Unternehmen, das sich auf den hochwertigen Transport lebender Tiere spezialisiert hat. Mit unseren modern ausgestatteten Viehwagen k\u00f6nnen wir verschiedene Arten von Tieren bef\u00f6rdern, zum Beispiel Schweine, Ferkel, K\u00fche, K\u00e4lber und Schafe. Auch f\u00fcr Langstreckentransporte sind Sie bei uns an der richtigen Stelle. Der Transport der Tiere erfolgt durch [&hellip;]","og_url":"https:\/\/www.grootzevert.nl\/de\/dienstleistungen\/viehtransport\/","og_site_name":"Groot Zevert Livestock","article_publisher":"https:\/\/www.facebook.com\/Groot-Zevert-Transport-159543224162510\/","article_modified_time":"2020-05-11T12:56:46+00:00","twitter_card":"summary_large_image","twitter_misc":{"Gesch\u00e4tzte Lesezeit":"1\u00a0Minute"},"schema":{"@context":"https:\/\/schema.org","@graph":[{"@type":"WebPage","@id":"https:\/\/www.grootzevert.nl\/de\/dienstleistungen\/viehtransport\/","url":"https:\/\/www.grootzevert.nl\/de\/dienstleistungen\/viehtransport\/","name":"Viehtransport - Groot Zevert Livestock","isPartOf":{"@id":"https:\/\/www.grootzevert.nl\/#website"},"datePublished":"2019-12-27T14:14:58+00:00","dateModified":"2020-05-11T12:56:46+00:00","breadcrumb":{"@id":"https:\/\/www.grootzevert.nl\/de\/dienstleistungen\/viehtransport\/#breadcrumb"},"inLanguage":"de","potentialAction":[{"@type":"ReadAction","target":["https:\/\/www.grootzevert.nl\/de\/dienstleistungen\/viehtransport\/"]}]},{"@type":"BreadcrumbList","@id":"https:\/\/www.grootzevert.nl\/de\/dienstleistungen\/viehtransport\/#breadcrumb","itemListElement":[{"@type":"ListItem","position":1,"name":"Home","item":"https:\/\/www.grootzevert.nl\/de\/"},{"@type":"ListItem","position":2,"name":"Dienstleistungen","item":"https:\/\/www.grootzevert.nl\/de\/dienstleistungen\/"},{"@type":"ListItem","position":3,"name":"Viehtransport"}]},{"@type":"WebSite","@id":"https:\/\/www.grootzevert.nl\/#website","url":"https:\/\/www.grootzevert.nl\/","name":"Groot Zevert Livestock","description":"","potentialAction":[{"@type":"SearchAction","target":{"@type":"EntryPoint","urlTemplate":"https:\/\/www.grootzevert.nl\/?s={search_term_string}"},"query-input":{"@type":"PropertyValueSpecification","valueRequired":true,"valueName":"search_term_string"}}],"inLanguage":"de"}]}},"_links":{"self":[{"href":"https:\/\/www.grootzevert.nl\/de\/wp-json\/wp\/v2\/pages\/525","targetHints":{"allow":["GET"]}}],"collection":[{"href":"https:\/\/www.grootzevert.nl\/de\/wp-json\/wp\/v2\/pages"}],"about":[{"href":"https:\/\/www.grootzevert.nl\/de\/wp-json\/wp\/v2\/types\/page"}],"author":[{"embeddable":true,"href":"https:\/\/www.grootzevert.nl\/de\/wp-json\/wp\/v2\/users\/3"}],"replies":[{"embeddable":true,"href":"https:\/\/www.grootzevert.nl\/de\/wp-json\/wp\/v2\/comments?post=525"}],"version-history":[{"count":3,"href":"https:\/\/www.grootzevert.nl\/de\/wp-json\/wp\/v2\/pages\/525\/revisions"}],"predecessor-version":[{"id":695,"href":"https:\/\/www.grootzevert.nl\/de\/wp-json\/wp\/v2\/pages\/525\/revisions\/695"}],"up":[{"embeddable":true,"href":"https:\/\/www.grootzevert.nl\/de\/wp-json\/wp\/v2\/pages\/497"}],"wp:attachment":[{"href":"https:\/\/www.grootzevert.nl\/de\/wp-json\/wp\/v2\/media?parent=525"}],"curies":[{"name":"wp","href":"https:\/\/api.w.org\/{rel}","templated":true}]}}