{"id":497,"date":"2019-12-05T08:16:16","date_gmt":"2019-12-05T08:16:16","guid":{"rendered":"https:\/\/www.grootzevert.nl\/diensten\/"},"modified":"2020-02-07T14:26:10","modified_gmt":"2020-02-07T14:26:10","slug":"dienstleistungen","status":"publish","type":"page","link":"https:\/\/www.grootzevert.nl\/de\/dienstleistungen\/","title":{"rendered":"Dienstleistungen"},"content":{"rendered":"<h1><strong>Unsere Dienstleistungen<\/strong><\/h1>\n<p><strong>Tierschutz, sorgf\u00e4ltiges Arbeiten und Absprachentreue stehen bei uns an erster Stelle. Fast ebenso wichtig ist uns Transparenz \u00fcber unsere Arbeitsweise und die gebotenen Dienstleistungen. Darum beteiligen wir uns auch an den neuesten Initiativen im Bereich Qualit\u00e4t. Wir sind nach dem Quality System Livestock Logistics (QLL) zertifiziert und d\u00fcrfen das G\u00fctesiegel f\u00fcr Transport und Logistik f\u00fchren. F\u00fcr weitere Informationen zu unseren Dienstleistungen klicken Sie bitte unten auf die entsprechenden Buttons.<br \/>\n<\/strong><\/p>\n","protected":false},"excerpt":{"rendered":"<p>Unsere Dienstleistungen Tierschutz, sorgf\u00e4ltiges Arbeiten und Absprachentreue stehen bei uns an erster Stelle. Fast ebenso wichtig ist uns Transparenz \u00fcber unsere Arbeitsweise und die gebotenen Dienstleistungen. Darum beteiligen wir uns auch an den neuesten Initiativen im Bereich Qualit\u00e4t. Wir sind nach dem Quality System Livestock Logistics (QLL) zertifiziert und d\u00fcrfen das G\u00fctesiegel f\u00fcr Transport und [&hellip;]<\/p>\n","protected":false},"author":1,"featured_media":0,"parent":0,"menu_order":0,"comment_status":"closed","ping_status":"closed","template":"page-templates\/page-diensten.php","meta":{"_acf_changed":false,"footnotes":""},"class_list":["post-497","page","type-page","status-publish","hentry"],"acf":[],"yoast_head":"<!-- This site is optimized with the Yoast SEO plugin v27.3 - https:\/\/yoast.com\/product\/yoast-seo-wordpress\/ -->\n<title>Dienstleistungen - Groot Zevert Livestock<\/title>\n<meta name=\"robots\" content=\"index, follow, max-snippet:-1, max-image-preview:large, max-video-preview:-1\" \/>\n<link rel=\"canonical\" href=\"https:\/\/www.grootzevert.nl\/de\/dienstleistungen\/\" \/>\n<meta property=\"og:locale\" content=\"de_DE\" \/>\n<meta property=\"og:type\" content=\"article\" \/>\n<meta property=\"og:title\" content=\"Dienstleistungen - Groot Zevert Livestock\" \/>\n<meta property=\"og:description\" content=\"Unsere Dienstleistungen Tierschutz, sorgf\u00e4ltiges Arbeiten und Absprachentreue stehen bei uns an erster Stelle. Fast ebenso wichtig ist uns Transparenz \u00fcber unsere Arbeitsweise und die gebotenen Dienstleistungen. Darum beteiligen wir uns auch an den neuesten Initiativen im Bereich Qualit\u00e4t. Wir sind nach dem Quality System Livestock Logistics (QLL) zertifiziert und d\u00fcrfen das G\u00fctesiegel f\u00fcr Transport und [&hellip;]\" \/>\n<meta property=\"og:url\" content=\"https:\/\/www.grootzevert.nl\/de\/dienstleistungen\/\" \/>\n<meta property=\"og:site_name\" content=\"Groot Zevert Livestock\" \/>\n<meta property=\"article:publisher\" content=\"https:\/\/www.facebook.com\/Groot-Zevert-Transport-159543224162510\/\" \/>\n<meta property=\"article:modified_time\" content=\"2020-02-07T14:26:10+00:00\" \/>\n<meta name=\"twitter:card\" content=\"summary_large_image\" \/>\n<script type=\"application\/ld+json\" class=\"yoast-schema-graph\">{\"@context\":\"https:\\\/\\\/schema.org\",\"@graph\":[{\"@type\":\"WebPage\",\"@id\":\"https:\\\/\\\/www.grootzevert.nl\\\/de\\\/dienstleistungen\\\/\",\"url\":\"https:\\\/\\\/www.grootzevert.nl\\\/de\\\/dienstleistungen\\\/\",\"name\":\"Dienstleistungen - Groot Zevert Livestock\",\"isPartOf\":{\"@id\":\"https:\\\/\\\/www.grootzevert.nl\\\/#website\"},\"datePublished\":\"2019-12-05T08:16:16+00:00\",\"dateModified\":\"2020-02-07T14:26:10+00:00\",\"breadcrumb\":{\"@id\":\"https:\\\/\\\/www.grootzevert.nl\\\/de\\\/dienstleistungen\\\/#breadcrumb\"},\"inLanguage\":\"de\",\"potentialAction\":[{\"@type\":\"ReadAction\",\"target\":[\"https:\\\/\\\/www.grootzevert.nl\\\/de\\\/dienstleistungen\\\/\"]}]},{\"@type\":\"BreadcrumbList\",\"@id\":\"https:\\\/\\\/www.grootzevert.nl\\\/de\\\/dienstleistungen\\\/#breadcrumb\",\"itemListElement\":[{\"@type\":\"ListItem\",\"position\":1,\"name\":\"Home\",\"item\":\"https:\\\/\\\/www.grootzevert.nl\\\/de\\\/\"},{\"@type\":\"ListItem\",\"position\":2,\"name\":\"Dienstleistungen\"}]},{\"@type\":\"WebSite\",\"@id\":\"https:\\\/\\\/www.grootzevert.nl\\\/#website\",\"url\":\"https:\\\/\\\/www.grootzevert.nl\\\/\",\"name\":\"Groot Zevert Livestock\",\"description\":\"\",\"potentialAction\":[{\"@type\":\"SearchAction\",\"target\":{\"@type\":\"EntryPoint\",\"urlTemplate\":\"https:\\\/\\\/www.grootzevert.nl\\\/?s={search_term_string}\"},\"query-input\":{\"@type\":\"PropertyValueSpecification\",\"valueRequired\":true,\"valueName\":\"search_term_string\"}}],\"inLanguage\":\"de\"}]}<\/script>\n<!-- \/ Yoast SEO plugin. -->","yoast_head_json":{"title":"Dienstleistungen - Groot Zevert Livestock","robots":{"index":"index","follow":"follow","max-snippet":"max-snippet:-1","max-image-preview":"max-image-preview:large","max-video-preview":"max-video-preview:-1"},"canonical":"https:\/\/www.grootzevert.nl\/de\/dienstleistungen\/","og_locale":"de_DE","og_type":"article","og_title":"Dienstleistungen - Groot Zevert Livestock","og_description":"Unsere Dienstleistungen Tierschutz, sorgf\u00e4ltiges Arbeiten und Absprachentreue stehen bei uns an erster Stelle. Fast ebenso wichtig ist uns Transparenz \u00fcber unsere Arbeitsweise und die gebotenen Dienstleistungen. Darum beteiligen wir uns auch an den neuesten Initiativen im Bereich Qualit\u00e4t. Wir sind nach dem Quality System Livestock Logistics (QLL) zertifiziert und d\u00fcrfen das G\u00fctesiegel f\u00fcr Transport und [&hellip;]","og_url":"https:\/\/www.grootzevert.nl\/de\/dienstleistungen\/","og_site_name":"Groot Zevert Livestock","article_publisher":"https:\/\/www.facebook.com\/Groot-Zevert-Transport-159543224162510\/","article_modified_time":"2020-02-07T14:26:10+00:00","twitter_card":"summary_large_image","schema":{"@context":"https:\/\/schema.org","@graph":[{"@type":"WebPage","@id":"https:\/\/www.grootzevert.nl\/de\/dienstleistungen\/","url":"https:\/\/www.grootzevert.nl\/de\/dienstleistungen\/","name":"Dienstleistungen - Groot Zevert Livestock","isPartOf":{"@id":"https:\/\/www.grootzevert.nl\/#website"},"datePublished":"2019-12-05T08:16:16+00:00","dateModified":"2020-02-07T14:26:10+00:00","breadcrumb":{"@id":"https:\/\/www.grootzevert.nl\/de\/dienstleistungen\/#breadcrumb"},"inLanguage":"de","potentialAction":[{"@type":"ReadAction","target":["https:\/\/www.grootzevert.nl\/de\/dienstleistungen\/"]}]},{"@type":"BreadcrumbList","@id":"https:\/\/www.grootzevert.nl\/de\/dienstleistungen\/#breadcrumb","itemListElement":[{"@type":"ListItem","position":1,"name":"Home","item":"https:\/\/www.grootzevert.nl\/de\/"},{"@type":"ListItem","position":2,"name":"Dienstleistungen"}]},{"@type":"WebSite","@id":"https:\/\/www.grootzevert.nl\/#website","url":"https:\/\/www.grootzevert.nl\/","name":"Groot Zevert Livestock","description":"","potentialAction":[{"@type":"SearchAction","target":{"@type":"EntryPoint","urlTemplate":"https:\/\/www.grootzevert.nl\/?s={search_term_string}"},"query-input":{"@type":"PropertyValueSpecification","valueRequired":true,"valueName":"search_term_string"}}],"inLanguage":"de"}]}},"_links":{"self":[{"href":"https:\/\/www.grootzevert.nl\/de\/wp-json\/wp\/v2\/pages\/497","targetHints":{"allow":["GET"]}}],"collection":[{"href":"https:\/\/www.grootzevert.nl\/de\/wp-json\/wp\/v2\/pages"}],"about":[{"href":"https:\/\/www.grootzevert.nl\/de\/wp-json\/wp\/v2\/types\/page"}],"author":[{"embeddable":true,"href":"https:\/\/www.grootzevert.nl\/de\/wp-json\/wp\/v2\/users\/1"}],"replies":[{"embeddable":true,"href":"https:\/\/www.grootzevert.nl\/de\/wp-json\/wp\/v2\/comments?post=497"}],"version-history":[{"count":4,"href":"https:\/\/www.grootzevert.nl\/de\/wp-json\/wp\/v2\/pages\/497\/revisions"}],"predecessor-version":[{"id":827,"href":"https:\/\/www.grootzevert.nl\/de\/wp-json\/wp\/v2\/pages\/497\/revisions\/827"}],"wp:attachment":[{"href":"https:\/\/www.grootzevert.nl\/de\/wp-json\/wp\/v2\/media?parent=497"}],"curies":[{"name":"wp","href":"https:\/\/api.w.org\/{rel}","templated":true}]}}